{"id":9,"date":"2016-08-09T09:17:04","date_gmt":"2016-08-09T07:17:04","guid":{"rendered":"http:\/\/www.komsg.ch\/s4b\/?page_id=9"},"modified":"2020-04-16T17:22:13","modified_gmt":"2020-04-16T15:22:13","slug":"bildaendern","status":"publish","type":"page","link":"https:\/\/www.komsg.ch\/s4b\/bildaendern\/","title":{"rendered":"Bild \u00e4ndern"},"content":{"rendered":"<h2 style=\"margin: 24px 0;\">ANMELDEN, BILD ANZEIGEN\/\u00c4NDERN UND BEI SKYPE FOR BUSINESS EINF\u00dcGEN.<\/h2>\n<p>Nach dem Login mit Ihren Zugangsdaten gelangen Sie zu Ihrem Profilbild und Ihren angegebenen Kontaktinformationen. Hier k\u00f6nnen Sie das Profilbild l\u00f6schen und \u00e4ndern. <\/p>\n<div style=\"border:1px solid #000; padding:3px; margin:24px 0;\">\nNach dem Upload: UNBEDINGT AUF &#8222;AKTUALISIERUNG&#8220; KLICKEN!\n<\/div>\n<p>Die URL-Adresse Ihres Profibilds k\u00f6nnen Sie nun kopieren und im Einstellungsmen\u00fc von Skype for Business angeben, um Ihr Profilbild hinzuzuf\u00fcgen.<\/p>\n","protected":false},"excerpt":{"rendered":"<p>ANMELDEN, BILD ANZEIGEN\/\u00c4NDERN UND BEI SKYPE FOR BUSINESS EINF\u00dcGEN. Nach dem Login mit Ihren Zugangsdaten gelangen Sie zu Ihrem Profilbild [&hellip;]<\/p>\n","protected":false},"author":1,"featured_media":0,"parent":0,"menu_order":0,"comment_status":"closed","ping_status":"closed","template":"TMP_SUB_EDIT.php","meta":{"footnotes":""},"acf":[],"_links":{"self":[{"href":"https:\/\/www.komsg.ch\/s4b\/wp-json\/wp\/v2\/pages\/9"}],"collection":[{"href":"https:\/\/www.komsg.ch\/s4b\/wp-json\/wp\/v2\/pages"}],"about":[{"href":"https:\/\/www.komsg.ch\/s4b\/wp-json\/wp\/v2\/types\/page"}],"author":[{"embeddable":true,"href":"https:\/\/www.komsg.ch\/s4b\/wp-json\/wp\/v2\/users\/1"}],"replies":[{"embeddable":true,"href":"https:\/\/www.komsg.ch\/s4b\/wp-json\/wp\/v2\/comments?post=9"}],"version-history":[{"count":17,"href":"https:\/\/www.komsg.ch\/s4b\/wp-json\/wp\/v2\/pages\/9\/revisions"}],"predecessor-version":[{"id":3971,"href":"https:\/\/www.komsg.ch\/s4b\/wp-json\/wp\/v2\/pages\/9\/revisions\/3971"}],"wp:attachment":[{"href":"https:\/\/www.komsg.ch\/s4b\/wp-json\/wp\/v2\/media?parent=9"}],"curies":[{"name":"wp","href":"https:\/\/api.w.org\/{rel}","templated":true}]}}