{"id":5,"date":"2016-08-09T09:16:13","date_gmt":"2016-08-09T07:16:13","guid":{"rendered":"http:\/\/www.komsg.ch\/s4b\/?page_id=5"},"modified":"2016-09-08T11:21:08","modified_gmt":"2016-09-08T09:21:08","slug":"bildhochladen","status":"publish","type":"page","link":"https:\/\/www.komsg.ch\/s4b\/bildhochladen\/","title":{"rendered":"Bild hochladen"},"content":{"rendered":"<h2 style=\"margin: 24px 0;\">BILD HOCHLADEN, ZUGANGSDATEN ERG\u00c4NZEN, ANMELDEN.<\/h2>\n<p>Sobald Sie ein Profilbild hochgeladen und sich registriert haben, erhalten Sie eine Best\u00e4tigungsmail mit dem Aktivierungslink. Nach der Aktivierung Ihres Accounts, gelangen Sie \u00fcber das Login wieder auf die KOM SG Webseite. Dort erhalten Sie die f\u00fcr Skype for Business ben\u00f6tigte URL-Adresse Ihres Profilbilds oder k\u00f6nnen Ihr Profilbild l\u00f6schen und \u00e4ndern.<\/p>\n<p>&nbsp;<\/p>\n<p>Klicken Sie <a href=\"http:\/\/www.komsg.ch\/s4b\/wp-content\/uploads\/2016\/08\/Anleitung_Upload.pdf\">hier<\/a>, um die <a href=\"http:\/\/www.komsg.ch\/s4b\/wp-content\/uploads\/2016\/08\/Anleitung_Upload.pdf\">Schritt-f\u00fcr-Schritt-Anleitung<\/a> herunterzuladen.<\/p>\n<p>&nbsp;<\/p>\n        <form enctype=\"multipart\/form-data\" method=\"post\" id=\"wppb-register-user\" class=\"wppb-user-forms wppb-register-user wppb-user-logged-out\" action=\"https:\/\/www.komsg.ch\/s4b\/wp-json\/wp\/v2\/pages\/5\">\n\t\t\t<ul><li class=\"wppb-form-field wppb-upload\" id=\"wppb-form-element-14\"><label for=\"custom_field_1\">Ihr Skype for Business Profilbild<span class=\"wppb-required\" title=\"Dieses Feld ist erforderlich\">*<\/span><\/label><a href=\"#\" class=\"button wppb_upload_button\" id=\"upload_custom_field_1_button\"  data-uploader_title=\"Ihr Skype for Business Profilbild\" data-uploader_button_text=\"Datei ausw\u00e4hlen\" data-upload_mn=\"custom_field_1\" data-upload_input=\"custom_field_1\" data-multiple_upload=\"false\">Hochladen<\/a><input id=\"custom_field_1\" type=\"hidden\" size=\"36\" name=\"custom_field_1\" value=\"\"\/><\/li><li class=\"wppb-form-field wppb-default-e-mail\" id=\"wppb-form-element-8\">\n\t\t\t<label for=\"email\">E-mail<span class=\"wppb-required\" title=\"Dieses Feld ist erforderlich\">*<\/span><\/label>\n\t\t\t<input class=\"text-input default_field_email \" name=\"email\" maxlength=\"70\" type=\"email\" id=\"email\" value=\"\"   \/><\/li><li class=\"wppb-form-field wppb-default-password\" id=\"wppb-form-element-12\">\n\t\t\t<label for=\"passw1\">Passwort<span class=\"wppb-required\" title=\"Dieses Feld ist erforderlich\">*<\/span><\/label>\n\t\t\t<input class=\"text-input \" name=\"passw1\" maxlength=\"70\" type=\"password\" id=\"passw1\" value=\"\" autocomplete=\"off\" \/><span class=\"wppb-description-delimiter\"> <\/span><\/li><li class=\"wppb-form-field wppb-default-repeat-password\" id=\"wppb-form-element-13\">\n\t\t\t<label for=\"passw2\">Passwort wiederholen<span class=\"wppb-required\" title=\"Dieses Feld ist erforderlich\">*<\/span><\/label>\n\t\t\t<input class=\"text-input \" name=\"passw2\" maxlength=\"70\" type=\"password\" id=\"passw2\" value=\"\" autocomplete=\"off\" \/><\/li><li class=\"wppb-form-field wppb-default-first-name\" id=\"wppb-form-element-3\">\n\t\t\t<label for=\"first_name\">Vorname<span class=\"wppb-required\" title=\"Dieses Feld ist erforderlich\">*<\/span><\/label>\n\t\t\t<input class=\"text-input default_field_firstname \" name=\"first_name\" maxlength=\"70\" type=\"text\" id=\"first_name\" value=\"\"  \/><\/li><li class=\"wppb-form-field wppb-default-last-name\" id=\"wppb-form-element-4\">\n\t\t\t<label for=\"last_name\">Name<span class=\"wppb-required\" title=\"Dieses Feld ist erforderlich\">*<\/span><\/label>\n\t\t\t<input class=\"text-input default_field_lastname \" name=\"last_name\" maxlength=\"70\" type=\"text\" id=\"last_name\" value=\"\" \/><\/li><li class=\"wppb-form-field wppb-input\" id=\"wppb-form-element-15\">\n\t\t\t\t<label for=\"custom_field_2\">Arbeitgeber\/in<\/label>\n\t\t\t\t<input class=\"extra_field_input \" name=\"custom_field_2\" maxlength=\"250\" type=\"text\" id=\"custom_field_2\" value=\"\" \/><span class=\"wppb-description-delimiter\">Sie arbeiten bei ... <\/span><\/li><\/ul><ul><\/ul>\t\t\t<p class=\"form-submit\"  >\n\t\t\t\t                \t\t\t\t<input name=\"register\" type=\"submit\" id=\"register\" class=\"submit button\" value=\"Registrieren\" \/>\n                <input name=\"redirect_to\" type=\"hidden\" value=\"\" \/>\n                \t\t\t\t<input name=\"action\" type=\"hidden\" id=\"action\" value=\"register\" \/>\n\t\t\t\t<input name=\"form_name\" type=\"hidden\" id=\"form_name\" value=\"unspecified\" \/>\n\t\t\t\t<input name=\"form_id\" type=\"hidden\" id=\"form_id\" value=\"\" \/>\n\t\t\t\t\t\t\t<\/p><!-- .form-submit -->\n\t\t\t<input type=\"hidden\" id=\"register_unspecified_nonce_field\" name=\"register_unspecified_nonce_field\" value=\"284432bd21\" \/><input type=\"hidden\" name=\"_wp_http_referer\" value=\"\/s4b\/wp-json\/wp\/v2\/pages\/5\" \/>\t\t<\/form>\n\t\t\n","protected":false},"excerpt":{"rendered":"<p>BILD HOCHLADEN, ZUGANGSDATEN ERG\u00c4NZEN, ANMELDEN. Sobald Sie ein Profilbild hochgeladen und sich registriert haben, erhalten Sie eine Best\u00e4tigungsmail mit dem [&hellip;]<\/p>\n","protected":false},"author":1,"featured_media":0,"parent":0,"menu_order":0,"comment_status":"closed","ping_status":"closed","template":"TMP_SUB_LINKS_OHNE_TITEL.php","meta":{"footnotes":""},"acf":[],"_links":{"self":[{"href":"https:\/\/www.komsg.ch\/s4b\/wp-json\/wp\/v2\/pages\/5"}],"collection":[{"href":"https:\/\/www.komsg.ch\/s4b\/wp-json\/wp\/v2\/pages"}],"about":[{"href":"https:\/\/www.komsg.ch\/s4b\/wp-json\/wp\/v2\/types\/page"}],"author":[{"embeddable":true,"href":"https:\/\/www.komsg.ch\/s4b\/wp-json\/wp\/v2\/users\/1"}],"replies":[{"embeddable":true,"href":"https:\/\/www.komsg.ch\/s4b\/wp-json\/wp\/v2\/comments?post=5"}],"version-history":[{"count":20,"href":"https:\/\/www.komsg.ch\/s4b\/wp-json\/wp\/v2\/pages\/5\/revisions"}],"predecessor-version":[{"id":184,"href":"https:\/\/www.komsg.ch\/s4b\/wp-json\/wp\/v2\/pages\/5\/revisions\/184"}],"wp:attachment":[{"href":"https:\/\/www.komsg.ch\/s4b\/wp-json\/wp\/v2\/media?parent=5"}],"curies":[{"name":"wp","href":"https:\/\/api.w.org\/{rel}","templated":true}]}}